{"id":92,"date":"2026-03-16T12:19:56","date_gmt":"2026-03-16T12:19:56","guid":{"rendered":"https:\/\/udviklingserver03.dk\/holstebroblik.dk\/?page_id=92"},"modified":"2026-03-17T11:31:27","modified_gmt":"2026-03-17T11:31:27","slug":"om-os","status":"publish","type":"page","link":"https:\/\/udviklingserver03.dk\/holstebroblik.dk\/om-os\/","title":{"rendered":"Om os"},"content":{"rendered":"<section class=\"wpb-content-wrapper\"><p>[vc_row height_ratio=&#8221;30&#8243; rc_bg_type=&#8221;image&#8221; rc_bg_image=&#8221;100&#8243;][vc_column vertical_content_position=&#8221;bottom&#8221;]<h1 class=\"grve-element grve-title grve-align-inherit grve-h1 grve-text-white\"><span>Om os<\/span><\/h1>[\/vc_column][\/vc_row][vc_row][vc_column width=&#8221;1\/2&#8243;]<h2 class=\"grve-element grve-title grve-align-inherit grve-h2 grve-text-primary-1\"><span>Hvem er vi?<\/span><\/h2>[vc_column_text]Holstebro Blik og Ventilation blev startet i 2008 af Kurt Knudsen.<\/p>\n<p>Det er et lille firma som har specialiseret sig i arbejdsopgaver inden for boligventilation, b\u00e5de til nybyggeri renovering og monter selv l\u00f8sninger, og ikke mindst til eftermontering af \u00e6ldre huse, hvor vi har stor erfaring, og mange opgaver.<\/p>\n<p>Vi er eksperter n\u00e5r det g\u00e6lder eftermontering, derfor har vi arbejdsopgaver i hele landet, vores l\u00f8sninger er lavet ud fra de erfaringer vi har f\u00e5et igennem mange \u00e5r med eftermontering.<\/p>\n<p>Typisk laver vi omkring 150 ventilations anl\u00e6g om \u00e5ret.<\/p>\n<p>Vi har en rationel arbejdsgang, og har styr p\u00e5 vores arbejdsopgaver, s\u00e5 det g\u00e5r st\u00e6rkt n\u00e5r vi g\u00e5r igang, men vi har selvf\u00f8lgelig altid tid til at gennemg\u00e5 arbejdsopgaven med kunden inden vi starter op.<\/p>\n<p>Vi laver stadig traditionelt blikkenslager arbejde, men efterh\u00e5nden er Boligventilation blevet vores hovedomr\u00e5de.[\/vc_column_text][\/vc_column][vc_column width=&#8221;1\/2&#8243; vertical_content_position=&#8221;middle&#8221; full_height=&#8221;yes&#8221; rc_bg_type=&#8221;image&#8221; rc_bg_image=&#8221;302&#8243;][\/vc_column][\/vc_row][vc_row][vc_column width=&#8221;1\/2&#8243; vertical_content_position=&#8221;middle&#8221; full_height=&#8221;yes&#8221; rc_bg_type=&#8221;image&#8221; rc_bg_image=&#8221;311&#8243;][\/vc_column][vc_column width=&#8221;1\/2&#8243;]<h2 class=\"grve-element grve-title grve-align-inherit grve-h2 grve-text-primary-1\"><span>Dantherm<\/span><\/h2>[vc_column_text]Hos Holstebro Blik og Ventilation, er vi meget begejstret for l\u00f8sninger med Dantherm.<\/p>\n<p class=\"wp-block-heading\"><strong>Hvorfor v\u00e6lge Dantherm Boligventilation<\/strong><\/p>\n<ul>\n<li>Dansk design og kvalitet \u2013 Topmodel indenfor Bolig Ventilation<\/li>\n<li>Energieffektive l\u00f8sninger<\/li>\n<li>Kan betjenes via smartphone, uden tilk\u00f8b af ekstra modul<\/li>\n<li>Automatisk k\u00f8ling<\/li>\n<li>100% Bypass<\/li>\n<li>Brugervenlig drift<\/li>\n<li>H\u00f8jre-\/venstremodel i \u00e9n og samme enhed, p\u00e5 v\u00e6gmodeller<\/li>\n<li>Behovsstyret ventilation med indbygget fugtsensor<\/li>\n<li>Br\u00e6ndeovns-\/pejsefunktion, der skaber et forbig\u00e5ende overtryk for at forbedre skorstenens funktionalitet under opstart<\/li>\n<li>Effektiv varmegenvinding<\/li>\n<li>EC-ventilatormotorer med s\u00e6rdeles lavt energiforbrug<\/li>\n<li>Mulighed for indbygning af forvarmeflade i Maskinen, som tilbeh\u00f8r<\/li>\n<li><strong>\u00a0Drift sikker i frostvejr<\/strong><\/li>\n<\/ul>\n<p>[\/vc_column_text][\/vc_column][\/vc_row][vc_row][vc_column width=&#8221;2\/3&#8243;]<h3 class=\"grve-element grve-title grve-align-inherit grve-h3\"><span><span style=\"color: #000080;\">Kontakt formular<\/span><\/span><\/h3><h5 class=\"grve-element grve-title grve-align-inherit grve-h5\"><span>Indhent Tilbud<\/span><\/h5>\n<div class=\"wpcf7 no-js\" id=\"wpcf7-f7-o1\" lang=\"da-DK\" dir=\"ltr\" data-wpcf7-id=\"7\">\n<div class=\"screen-reader-response\"><p role=\"status\" aria-live=\"polite\" aria-atomic=\"true\"><\/p> <ul><\/ul><\/div>\n<form action=\"\/holstebroblik.dk\/wp-json\/wp\/v2\/pages\/92#wpcf7-f7-o1\" method=\"post\" class=\"wpcf7-form init\" aria-label=\"Kontaktformular\" enctype=\"multipart\/form-data\" novalidate=\"novalidate\" data-status=\"init\">\n<fieldset class=\"hidden-fields-container\"><input type=\"hidden\" name=\"_wpcf7\" value=\"7\" \/><input type=\"hidden\" name=\"_wpcf7_version\" value=\"6.1.6\" \/><input type=\"hidden\" name=\"_wpcf7_locale\" value=\"da_DK\" \/><input type=\"hidden\" name=\"_wpcf7_unit_tag\" value=\"wpcf7-f7-o1\" \/><input type=\"hidden\" name=\"_wpcf7_container_post\" value=\"0\" \/><input type=\"hidden\" name=\"_wpcf7_posted_data_hash\" value=\"\" \/>\n<\/fieldset>\n<div class=\"kontakt-form\">\n\n<div class=\"row\">\n<div class=\"half\">\n<span class=\"wpcf7-form-control-wrap\" data-name=\"your-name\"><input size=\"40\" maxlength=\"400\" class=\"wpcf7-form-control wpcf7-text wpcf7-validates-as-required\" aria-required=\"true\" aria-invalid=\"false\" placeholder=\"Navn\" value=\"\" type=\"text\" name=\"your-name\" \/><\/span>\n<\/div>\n\n<div class=\"half\">\n<span class=\"wpcf7-form-control-wrap\" data-name=\"your-phone\"><input size=\"40\" maxlength=\"400\" class=\"wpcf7-form-control wpcf7-tel wpcf7-text wpcf7-validates-as-tel\" aria-invalid=\"false\" placeholder=\"Telefon nr.\" value=\"\" type=\"tel\" name=\"your-phone\" \/><\/span>\n<\/div>\n<\/div>\n\n<div class=\"row\">\n<span class=\"wpcf7-form-control-wrap\" data-name=\"your-email\"><input size=\"40\" maxlength=\"400\" class=\"wpcf7-form-control wpcf7-email wpcf7-validates-as-required wpcf7-text wpcf7-validates-as-email\" aria-required=\"true\" aria-invalid=\"false\" placeholder=\"Email\" value=\"\" type=\"email\" name=\"your-email\" \/><\/span>\n<\/div>\n\n<div class=\"row\">\n<div class=\"half\">\n<span class=\"wpcf7-form-control-wrap\" data-name=\"your-address\"><input size=\"40\" maxlength=\"400\" class=\"wpcf7-form-control wpcf7-text\" aria-invalid=\"false\" placeholder=\"Adresse\" value=\"\" type=\"text\" name=\"your-address\" \/><\/span>\n<\/div>\n\n<div class=\"half\">\n<span class=\"wpcf7-form-control-wrap\" data-name=\"your-postnumber\"><input size=\"40\" maxlength=\"400\" class=\"wpcf7-form-control wpcf7-text\" aria-invalid=\"false\" placeholder=\"Postnummer\" value=\"\" type=\"text\" name=\"your-postnumber\" \/><\/span>\n<\/div>\n<\/div>\n\n<div class=\"row\">\n<span class=\"wpcf7-form-control-wrap\" data-name=\"your-message\"><textarea cols=\"40\" rows=\"10\" maxlength=\"2000\" class=\"wpcf7-form-control wpcf7-textarea\" aria-invalid=\"false\" placeholder=\"Besked\" name=\"your-message\"><\/textarea><\/span>\n<\/div>\n\n<div class=\"row\">\n<span class=\"wpcf7-form-control-wrap\" data-name=\"your-file\"><input size=\"40\" class=\"wpcf7-form-control wpcf7-file\" accept=\"audio\/*,video\/*,image\/*\" aria-invalid=\"false\" type=\"file\" name=\"your-file\" \/><\/span>\n<\/div>\n\n<div class=\"row\">\n<input class=\"wpcf7-form-control wpcf7-submit has-spinner\" type=\"submit\" value=\"SEND BESKED\" \/>\n<\/div>\n\n<\/div><div class=\"wpcf7-response-output\" aria-hidden=\"true\"><\/div>\n<\/form>\n<\/div>\n[\/vc_column][vc_column width=&#8221;1\/3&#8243;]<h2 class=\"grve-element grve-title grve-align-inherit grve-h6\"><span><strong>H\u00f8r mere<\/strong><\/span><\/h2>[vc_column_text]<\/p>\n<div class=\"elementor-element elementor-element-11f99cd elementor-widget elementor-widget-heading\" data-id=\"11f99cd\" data-element_type=\"widget\" data-e-type=\"widget\" data-widget_type=\"heading.default\">\n<div class=\"elementor-widget-container\">\n<p class=\"elementor-heading-title elementor-size-default\">Kontakt os p\u00e5 mobil eller email. Eller oplys dit telefon nr. herunder, s\u00e5 ringer vi dig op hurtigst muligt.<\/p>\n<\/div>\n<\/div>\n<div class=\"elementor-element elementor-element-41542f6 elementor-widget elementor-widget-text-editor\" data-id=\"41542f6\" data-element_type=\"widget\" data-e-type=\"widget\" data-widget_type=\"text-editor.default\">\n<div class=\"elementor-widget-container\">\n<p><strong>Telefon nr:<\/strong>\u00a0<a href=\"tel:29402976\">+45 29 40 29 76<\/a><br \/>\n<strong>Mail:<\/strong>\u00a0<a href=\"mailto:holstebroblik@gmail.com\">holstebroblik@gmail.com<\/a><\/p>\n<\/div>\n<\/div>\n<p>[\/vc_column_text]\n<div class=\"wpcf7 no-js\" id=\"wpcf7-f205-o2\" lang=\"da-DK\" dir=\"ltr\" data-wpcf7-id=\"205\">\n<div class=\"screen-reader-response\"><p role=\"status\" aria-live=\"polite\" aria-atomic=\"true\"><\/p> <ul><\/ul><\/div>\n<form action=\"\/holstebroblik.dk\/wp-json\/wp\/v2\/pages\/92#wpcf7-f205-o2\" method=\"post\" class=\"wpcf7-form init\" aria-label=\"Kontaktformular\" novalidate=\"novalidate\" data-status=\"init\">\n<fieldset class=\"hidden-fields-container\"><input type=\"hidden\" name=\"_wpcf7\" value=\"205\" \/><input type=\"hidden\" name=\"_wpcf7_version\" value=\"6.1.6\" \/><input type=\"hidden\" name=\"_wpcf7_locale\" value=\"da_DK\" \/><input type=\"hidden\" name=\"_wpcf7_unit_tag\" value=\"wpcf7-f205-o2\" \/><input type=\"hidden\" name=\"_wpcf7_container_post\" value=\"0\" \/><input type=\"hidden\" name=\"_wpcf7_posted_data_hash\" value=\"\" \/>\n<\/fieldset>\n<div class=\"ring-mig-op-form\">\n\t<div class=\"row\">\n\t\t<div class=\"half\">\n\t\t\t<span class=\"wpcf7-form-control-wrap\" data-name=\"your-name\"><input size=\"40\" maxlength=\"400\" class=\"wpcf7-form-control wpcf7-text wpcf7-validates-as-required\" autocomplete=\"name\" aria-required=\"true\" aria-invalid=\"false\" placeholder=\"Navn\" value=\"\" type=\"text\" name=\"your-name\" \/><\/span>\n\t\t<\/div>\n\n\t\t<div class=\"half\">\n\t\t\t<span class=\"wpcf7-form-control-wrap\" data-name=\"Telefon\"><input size=\"40\" maxlength=\"400\" class=\"wpcf7-form-control wpcf7-tel wpcf7-validates-as-required wpcf7-text wpcf7-validates-as-tel\" aria-required=\"true\" aria-invalid=\"false\" placeholder=\"Tel\" value=\"\" type=\"tel\" name=\"Telefon\" \/><\/span>\n\t\t<\/div>\n\t<\/div>\n\n\t<div class=\"row\">\n\t\t<input class=\"wpcf7-form-control wpcf7-submit has-spinner\" type=\"submit\" value=\"RING MIG OP\" \/>\n\t<\/div>\n<\/div><div class=\"wpcf7-response-output\" aria-hidden=\"true\"><\/div>\n<\/form>\n<\/div>\n[\/vc_column][\/vc_row][vc_row rc_bg_type=&#8221;color&#8221; rc_bg_color=&#8221;#14172a&#8221;][vc_column width=&#8221;5\/12&#8243;]<div class=\"grve-empty-space grve-height-1x\"><\/div><h3 class=\"grve-element grve-title grve-align-inherit grve-h3 grve-text-white\"><span>Vi leverer og monterer i hele Danmark!<\/span><\/h3>[vc_column_text]<span style=\"color: #ffffff;\">Vi har stor erfaring i montering af boligventilation, vi har monteret over 1500 anl\u00e6g, b\u00e5de til nybyggeri og eftermontering siden 2009.<\/span>[\/vc_column_text]<div class=\"grve-empty-space grve-height-1x\"><\/div>[vc_row_inner][vc_column_inner width=&#8221;1\/2&#8243;]<div class=\"grve-element grve-align-inherit button-footer\"><a href=\"https:\/\/dk.trustpilot.com\/review\/www.holstebroblik.dk\" target=\"_blank\" class=\"grve-btn grve-square grve-bg-white grve-border-white grve-bg-hover-white grve-border-hover-white grve-text-dark-grey grve-text-hover-dark-grey grve-btn-medium\">\r\n\t\t<span>Se vores Trustpilot<\/span>\r\n\t\t\t\t\t\t\t<\/a><\/div>[\/vc_column_inner][vc_column_inner width=&#8221;1\/2&#8243;]<div class=\"grve-element grve-image grve-align-center\">\r\n\t<div class=\"grve-image-item\">\r\n\t\t\r\n\r\n<div class=\"grve-image-wrapper grve-no-effect\">\r\n\t\t<div class=\"grve-thumbnail-wrapper\"  style=\"width: 496px;\"><div class=\"grve-thumbnail\"  style=\"padding-top: 18.548%;\"><img loading=\"lazy\" decoding=\"async\" width=\"496\" height=\"92\" src=\"https:\/\/udviklingserver03.dk\/holstebroblik.dk\/wp-content\/uploads\/2026\/03\/star-rating.png\" class=\"attachment-full size-full\" alt=\"\" data-column-space=\"auto\" data-lazyload=\"\" data-grve-filter=\"yes\" srcset=\"https:\/\/udviklingserver03.dk\/holstebroblik.dk\/wp-content\/uploads\/2026\/03\/star-rating.png 496w, https:\/\/udviklingserver03.dk\/holstebroblik.dk\/wp-content\/uploads\/2026\/03\/star-rating-300x56.png 300w\" sizes=\"auto, (max-width: 496px) 100vw, 496px\" \/><\/div><\/div>\t<\/div>\r\n\t<\/div>\r\n<\/div>\r\n[\/vc_column_inner][\/vc_row_inner]<div class=\"grve-empty-space grve-height-1x\"><\/div>[\/vc_column][vc_column width=&#8221;7\/12&#8243;]<div class=\"grve-element grve-testimonial-carousel \">\r\n\t<div data-items=\"1\" data-items-tablet-landscape=\"1\" data-items-tablet-portrait=\"1\" data-items-mobile=\"1\" data-pagination=\"yes\" data-slider-autoplay=\"yes\" data-slider-loop=\"yes\" data-slider-autoheight=\"\" data-stage-padding=\"0\" data-slider-speed=\"5000\" data-slider-pause=\"no\" data-pagination-speed=\"800\" data-gutter-size=\"30\" class=\"grve-carousel-element grve-testimonial grve-align-inherit grve-with-gap grve-classic-carousel grve-carousel-pagination-1\">\r\n\r\n\t<div class=\"grve-carousel-item post-268 testimonial type-testimonial status-publish hentry grve-entry-item\">\r\n\t\t<div class=\"grve-testimonial-item grve-style-1\">\r\n\t\t<div class=\"grve-testimonial-content\">\r\n\t\t\t\t\t<h3 class=\"grve-title grve-h3\">Jonas Raal<\/h3>\r\n\t\t\t\t<p>Super professionelle og effektive\u2026 Meget fleksibel i forhold til mine \u00f8nsker, idet vi havde bestilt efterisolering 3 dage senere, som ogs\u00e5 havde krav til plads og installation af gangbro.<br \/>\nKan varmt anbefale Holstebroblik\u2026<\/p>\n\t\t\t\t\t<div class=\"grve-testimonial-meta\">\r\n\t\t\t\t<span class=\"grve-testimonial-name grve-h6 grve-heading-color\" data-title-hover=\"Jonas Raal\">Jonas Raal<\/span>\r\n\t\t\t\t<span class=\"grve-identity grve-small-text\"><\/span>\r\n\t\t\t<\/div>\r\n\t\t\t<\/div>\r\n<\/div>\r\n\t<\/div>\r\n\t\t<div class=\"grve-carousel-item post-267 testimonial type-testimonial status-publish hentry grve-entry-item\">\r\n\t\t<div class=\"grve-testimonial-item grve-style-1\">\r\n\t\t<div class=\"grve-testimonial-content\">\r\n\t\t\t\t\t<h3 class=\"grve-title grve-h3\">Karen<\/h3>\r\n\t\t\t\t<div class=\"elementor-element elementor-element-3d63359 elementor-widget elementor-widget-text-editor\" data-id=\"3d63359\" data-element_type=\"widget\" data-e-type=\"widget\" data-widget_type=\"text-editor.default\">\n<div class=\"elementor-widget-container\">\n<p>Vi kan varmt anbefale Kurt Knudsen og firmaet Holstebro Blik og Ventilation ApS. Kurt lover ikke mere, end han kan holde, til geng\u00e6ld overholder han alle aftaler og er meget fleksibel. Man f\u00e5r rene ord for\u2026<\/p>\n<\/div>\n<\/div>\n<div class=\"elementor-element elementor-element-a651c8a elementor-widget__width-initial elementor-widget-mobile__width-initial elementor-widget elementor-widget-image\" data-id=\"a651c8a\" data-element_type=\"widget\" data-e-type=\"widget\" data-widget_type=\"image.default\"><\/div>\n\t\t\t\t\t<div class=\"grve-testimonial-meta\">\r\n\t\t\t\t<span class=\"grve-testimonial-name grve-h6 grve-heading-color\" data-title-hover=\"Karen\">Karen<\/span>\r\n\t\t\t\t<span class=\"grve-identity grve-small-text\"><\/span>\r\n\t\t\t<\/div>\r\n\t\t\t<\/div>\r\n<\/div>\r\n\t<\/div>\r\n\t\t<div class=\"grve-carousel-item post-266 testimonial type-testimonial status-publish hentry grve-entry-item\">\r\n\t\t<div class=\"grve-testimonial-item grve-style-1\">\r\n\t\t<div class=\"grve-testimonial-content\">\r\n\t\t\t\t\t<h3 class=\"grve-title grve-h3\">Pia Moskj\u00e6r<\/h3>\r\n\t\t\t\t<p>Har for nylig haft Holstebro Blik til at lave genvex anl\u00e6g i huset. De allerbedste anbefalinger fra os, en service i top fra chef til medarbejder. Jonas var en meget behagelig og venlig h\u00e5ndv\u00e6rker at have i huset, m\u00f8dte pr\u00e6cis til aftalt tid.<\/p>\n\t\t\t\t\t<div class=\"grve-testimonial-meta\">\r\n\t\t\t\t<span class=\"grve-testimonial-name grve-h6 grve-heading-color\" data-title-hover=\"Pia Moskj\u00e6r\">Pia Moskj\u00e6r<\/span>\r\n\t\t\t\t<span class=\"grve-identity grve-small-text\"><\/span>\r\n\t\t\t<\/div>\r\n\t\t\t<\/div>\r\n<\/div>\r\n\t<\/div>\r\n\t\t<\/div>\r\n\t<\/div>\r\n\r\n[\/vc_column][\/vc_row]<\/p>\n<\/section>","protected":false},"excerpt":{"rendered":"<p>[vc_row height_ratio=&#8221;30&#8243; rc_bg_type=&#8221;image&#8221; rc_bg_image=&#8221;100&#8243;][vc_column vertical_content_position=&#8221;bottom&#8221;][\/vc_column][\/vc_row][vc_row][vc_column width=&#8221;1\/2&#8243;][vc_column_text]Holstebro Blik og Ventilation blev startet i 2008 af Kurt Knudsen. Det er et lille firma som har specialiseret sig i arbejdsopgaver inden for boligventilation, b\u00e5de til nybyggeri renovering og monter selv l\u00f8sninger, og ikke mindst til eftermontering af \u00e6ldre huse, hvor vi har stor erfaring, og mange opgaver. Vi [&hellip;]<\/p>\n","protected":false},"author":4,"featured_media":0,"parent":0,"menu_order":0,"comment_status":"closed","ping_status":"closed","template":"","meta":{"_acf_changed":false,"footnotes":""},"class_list":["post-92","page","type-page","status-publish","hentry","grve-entry-item"],"acf":[],"_links":{"self":[{"href":"https:\/\/udviklingserver03.dk\/holstebroblik.dk\/wp-json\/wp\/v2\/pages\/92","targetHints":{"allow":["GET"]}}],"collection":[{"href":"https:\/\/udviklingserver03.dk\/holstebroblik.dk\/wp-json\/wp\/v2\/pages"}],"about":[{"href":"https:\/\/udviklingserver03.dk\/holstebroblik.dk\/wp-json\/wp\/v2\/types\/page"}],"author":[{"embeddable":true,"href":"https:\/\/udviklingserver03.dk\/holstebroblik.dk\/wp-json\/wp\/v2\/users\/4"}],"replies":[{"embeddable":true,"href":"https:\/\/udviklingserver03.dk\/holstebroblik.dk\/wp-json\/wp\/v2\/comments?post=92"}],"version-history":[{"count":23,"href":"https:\/\/udviklingserver03.dk\/holstebroblik.dk\/wp-json\/wp\/v2\/pages\/92\/revisions"}],"predecessor-version":[{"id":459,"href":"https:\/\/udviklingserver03.dk\/holstebroblik.dk\/wp-json\/wp\/v2\/pages\/92\/revisions\/459"}],"wp:attachment":[{"href":"https:\/\/udviklingserver03.dk\/holstebroblik.dk\/wp-json\/wp\/v2\/media?parent=92"}],"curies":[{"name":"wp","href":"https:\/\/api.w.org\/{rel}","templated":true}]}}