{"id":3,"date":"2024-03-14T11:46:48","date_gmt":"2024-03-14T11:46:48","guid":{"rendered":"http:\/\/www.lundhjemmesider-udvikling.dk\/d-m-s\/?page_id=3"},"modified":"2026-03-17T11:35:28","modified_gmt":"2026-03-17T11:35:28","slug":"privacy-policy","status":"publish","type":"page","link":"https:\/\/udviklingserver03.dk\/holstebroblik.dk\/privacy-policy\/","title":{"rendered":"Privatlivs- og Cookiepolitik"},"content":{"rendered":"\n<h2 class=\"wp-block-heading\">Privatlivs- og Cookiepolitik for Holstebro Blik og Ventilation ApS<\/h2>\n\n\n\n<h2 class=\"wp-block-heading\">Dataansvarlig<\/h2>\n\n\n\n<p>Vi er dataansvarlige for behandlingen af de personoplysninger, som vi behandler om vores kunder og samarbejdspartnere. Du finder vores kontaktoplysninger nedenfor:<\/p>\n\n\n\n<p><strong>Holstebro Blik og Ventilation ApS<\/strong><br>Haydnsvej 41, 7500 Holstebro<br>CVR-nr.: 36948582<br>E-mail:&nbsp;<a>Holstebroblik@gmail.com<\/a><br>Telefon: 29 40 29 76<\/p>\n\n\n\n<p>Det er ikke et krav, at vores virksomhed har en ekstern DPO, men hvis du har sp\u00f8rgsm\u00e5l til behandlingen af dine personoplysninger, kan du kontakte os via ovenst\u00e5ende mailadresse.<\/p>\n\n\n\n<h2 class=\"wp-block-heading\">Behandlingsaktiviteter<\/h2>\n\n\n\n<h3 class=\"wp-block-heading\">Bes\u00f8g p\u00e5 Hjemmeside<\/h3>\n\n\n\n<p>N\u00e5r du bes\u00f8ger vores hjemmeside, anvender vi cookies for at hjemmesiden kan fungere optimalt. Du kan l\u00e6se mere om vores cookiepolitik nedenfor.<\/p>\n\n\n\n<h3 class=\"wp-block-heading\">Kommunikation med Potentielle Kunder<\/h3>\n\n\n\n<p>N\u00e5r du har sp\u00f8rgsm\u00e5l til vores side, eller \u00f8nsker at h\u00f8re mere om vores services, kan du kontakte os via:<\/p>\n\n\n\n<ul class=\"wp-block-list\">\n<li>Kontaktformular<\/li>\n\n\n\n<li>E-mail<\/li>\n\n\n\n<li>Telefon<\/li>\n<\/ul>\n\n\n\n<p>Herigennem vil vi behandle dine personoplysninger, s\u00e5 vi kan indg\u00e5 i en dialog med dig, fx svare p\u00e5 sp\u00f8rgsm\u00e5l om vores ydelser. Vi behandler kun den information, som du giver os i forbindelse med vores kommunikation. Vi vil typisk behandle f\u00f8lgende almindelige oplysninger: navn, e-mail og telefonnummer.<\/p>\n\n\n\n<p>Vores hjemmel til at behandle disse personoplysninger er databeskyttelsesforordningens artikel 6, stk. 1, litra f. Vi sletter vores kommunikation med dig, n\u00e5r det st\u00e5r klart, om du \u00f8nsker vores ydelser eller ej. Skulle der i et s\u00e6rligt tilf\u00e6lde opst\u00e5 et behov for at opbevare dine personoplysninger i l\u00e6ngere tid, s\u00e5 vil dette kunne v\u00e6re tilf\u00e6ldet.<\/p>\n\n\n\n<h3 class=\"wp-block-heading\">Kunder<\/h3>\n\n\n\n<p>Vi har behov for at kommunikere med vores kunder, s\u00e5 vi sikrer os, at ydelsen leveres korrekt. Herigennem kan vi behandle oplysninger om navn, adresse, ydelser, s\u00e6rlige aftaler, betalingsinformationer og lignende.<\/p>\n\n\n\n<p>Hjemlen til at behandle disse personoplysninger er databeskyttelsesforordningens artikel 6, stk. 1, litra b. N\u00e5r ydelsen er leveret og eventuelle udest\u00e5ende er afsluttede, s\u00e5 vil vi umiddelbart herefter slette personoplysningerne.<\/p>\n\n\n\n<h3 class=\"wp-block-heading\">Nyhedsbrev<\/h3>\n\n\n\n<p>Vi har et nyhedsbrev, som det er frivilligt at tilmelde sig \u2013 og du kan altid framelde dig dette igen. Form\u00e5let med nyhedsbrevet er at sende de tilmeldte mails med ny information fra virksomheden, som kan omhandle nyt indhold p\u00e5 hjemmesiden, annoncering af vores ydelser.<\/p>\n\n\n\n<p>Vi vil kun sende dig mails, hvis du har givet dit aktive samtykke til dette. Det kr\u00e6ver i f\u00f8rste omgang, at du angiver din mailadresse, som vi efterf\u00f8lgende sender en mail til, s\u00e5ledes at du kan bekr\u00e6fte tilmeldingen. Vores hjemmel til at behandle dine personoplysninger i forbindelse med nyhedsbrevet vil v\u00e6re databeskyttelsesforordningens artikel 6, stk. 1, litra a.<\/p>\n\n\n\n<p>Vi vil behandle dine personoplysninger, s\u00e5 l\u00e6nge du stadig er tilmeldt nyhedsbrevet. Ved afmeldelse af nyhedsbrevet, stopper vi med at sende dette til dig. Har vi ikke sendt dig et nyhedsbrev i 1 \u00e5r, bortfalder dit samtykke som f\u00f8lge af vores passivitet. Ved framelding af nyhedsbrevet gemmer vi dit nu tidligere samtykke i 2 \u00e5r efter, at det senest er anvendt pga. for\u00e6ldelseskrav jf. Forbrugerombudsmandens spamvejledning afsnit 11.3.<\/p>\n\n\n\n<h3 class=\"wp-block-heading\">Bogf\u00f8ring<\/h3>\n\n\n\n<p>Vi skal gemme alle regnskabsbilag jf. bogf\u00f8ringsloven. Det betyder, at vi gemmer fakturaer og lignende bilag til brug for regnskabsf\u00f8ring. Heraf kan der fremg\u00e5 almindelige personoplysninger som navn, adresse og ydelsesbeskrivelse.<\/p>\n\n\n\n<p>Vores hjemmel til at behandle personoplysninger til bogf\u00f8ringen er databeskyttelsesforordningens artikel 6, stk. 1, litra c. Vi opbevarer disse oplysninger i minimum 5 \u00e5r efter det indev\u00e6rende regnskabs\u00e5r er afsluttet.<\/p>\n\n\n\n<h3 class=\"wp-block-heading\">Jobans\u00f8gninger<\/h3>\n\n\n\n<p>Vi tager gl\u00e6deligt imod jobans\u00f8gninger med henblik p\u00e5 at vurdere, om de matcher et ans\u00e6ttelsesbehov i vores virksomhed. Hvis du sender din jobans\u00f8gning til os, er vores hjemmel til at behandle dine personoplysninger databeskyttelsesforordningens artikel 6, stk. 1, litra f.<\/p>\n\n\n\n<p>Hvis du har sendt en uopfordret ans\u00f8gning, vil HR med det samme vurdere, om din ans\u00f8gning er relevant, og herefter slette dine oplysninger igen, hvis der ikke er et match. Hvis du har sendt en ans\u00f8gning til et opsl\u00e5et job, vil vi bortskaffe din ans\u00f8gning i det tilf\u00e6lde, at du ikke ans\u00e6ttes, umiddelbart efter at den rette kandidat er fundet til jobbet.<\/p>\n\n\n\n<p>Hvis du indg\u00e5r i et rekrutteringsforl\u00f8b og\/eller ans\u00e6ttes til jobbet, vil vi give dig s\u00e6rskilt information om, hvordan vi behandler dine personoplysninger i denne forbindelse.<\/p>\n\n\n\n<h2 class=\"wp-block-heading\">Databehandlere<\/h2>\n\n\n\n<p>Vi har samarbejdspartnere og leverand\u00f8rer, som kan v\u00e6re databehandlere. Eksterne leverand\u00f8rer kan eksempelvis levere systemer til at organisere vores arbejde, services, r\u00e5dgivning, IT-hosting eller markedsf\u00f8ring.<\/p>\n\n\n\n<p>Det er vores ansvar at sikre, at dine personoplysninger behandles ordentligt. Derfor stiller vi h\u00f8je krav til vores samarbejdspartnere, og vores partnere skal garantere, at dine personoplysninger er beskyttet. Vi indg\u00e5r derfor aftaler med virksomheder (databehandlere), der h\u00e5ndterer personoplysninger p\u00e5 vores vegne for at h\u00f8jne sikkerheden af dine personoplysninger.<\/p>\n\n\n\n<h2 class=\"wp-block-heading\">Videregivelse af Personoplysninger<\/h2>\n\n\n\n<p>Vi videregiver ikke dine personoplysninger til tredjemand.<\/p>\n\n\n\n<h2 class=\"wp-block-heading\">Profilering og Automatiserede Afg\u00f8relser<\/h2>\n\n\n\n<p>Vi foretager ikke profilering eller automatiserede afg\u00f8relser.<\/p>\n\n\n\n<h2 class=\"wp-block-heading\">Tredjelandeoverf\u00f8rsler<\/h2>\n\n\n\n<p>Vi benytter som udgangspunkt databehandlere i EU\/E\u00d8S, eller som opbevarer data i EU\/E\u00d8S. I nogle tilf\u00e6lde er dette ikke muligt, og her kan der benyttes databehandlere udenfor EU\/E\u00d8S, hvis disse kan give dine personoplysninger en passende beskyttelse.<\/p>\n\n\n\n<h2 class=\"wp-block-heading\">Behandlingssikkerhed<\/h2>\n\n\n\n<p>Vi holder behandlingen af personoplysninger sikker ved at have indf\u00f8rt passende tekniske og organisatoriske foranstaltninger. Vi har lavet risikovurderinger af vores behandling af personoplysninger og har herefter indf\u00f8rt passende tekniske og organisatoriske foranstaltninger for at \u00f8ge behandlingssikkerheden. En af vores vigtigste foranstaltninger er at holde vores medarbejdere opdaterede om GDPR via l\u00f8bende awareness tr\u00e6ning, GDPR kursus, samt ved at gennemg\u00e5 vores GDPR-procedurer med medarbejderne.<\/p>\n\n\n\n<h2 class=\"wp-block-heading\">De Registreredes Rettigheder<\/h2>\n\n\n\n<p>Du har efter databeskyttelsesforordningen en r\u00e6kke rettigheder i forhold til vores behandling af oplysninger om dig. Hvis du vil g\u00f8re brug af dine rettigheder, skal du kontakte os, s\u00e5 vi kan hj\u00e6lpe dig med dette.<\/p>\n\n\n\n<h3 class=\"wp-block-heading\">Ret til at Se Oplysninger (Indsigtsret)<\/h3>\n\n\n\n<p>Du har ret til at f\u00e5 indsigt i de oplysninger, som vi behandler om dig, samt en r\u00e6kke yderligere oplysninger.<\/p>\n\n\n\n<h3 class=\"wp-block-heading\">Ret til Berigtigelse (Rettelse)<\/h3>\n\n\n\n<p>Du har ret til at f\u00e5 urigtige oplysninger om dig selv rettet.<\/p>\n\n\n\n<h3 class=\"wp-block-heading\">Ret til Sletning<\/h3>\n\n\n\n<p>I s\u00e6rlige tilf\u00e6lde har du ret til at f\u00e5 slettet oplysninger om dig, inden tidspunktet for vores almindelige generelle sletning indtr\u00e6ffer.<\/p>\n\n\n\n<h3 class=\"wp-block-heading\">Ret til Begr\u00e6nsning af Behandling<\/h3>\n\n\n\n<p>Du har i visse tilf\u00e6lde ret til at f\u00e5 behandlingen af dine personoplysninger begr\u00e6nset. Hvis du har ret til at f\u00e5 begr\u00e6nset behandlingen, m\u00e5 vi fremover kun behandle oplysningerne \u2013 bortset fra opbevaring \u2013 med dit samtykke, eller med henblik p\u00e5 at retskrav kan fastl\u00e6gges, g\u00f8res g\u00e6ldende eller forsvares, eller for at beskytte en person eller vigtige samfundsinteresser.<\/p>\n\n\n\n<h3 class=\"wp-block-heading\">Ret til Indsigelse<\/h3>\n\n\n\n<p>Du har i visse tilf\u00e6lde ret til at g\u00f8re indsigelse mod vores ellers lovlige behandling af dine personoplysninger. Du kan ogs\u00e5 g\u00f8re indsigelse mod behandling af dine oplysninger til direkte markedsf\u00f8ring.<\/p>\n\n\n\n<h3 class=\"wp-block-heading\">Ret til at Transmittere Oplysninger (Dataportabilitet)<\/h3>\n\n\n\n<p>Du har i visse tilf\u00e6lde ret til at modtage dine personoplysninger i et struktureret, almindeligt anvendt og maskinl\u00e6sbart format samt at f\u00e5 overf\u00f8rt disse personoplysninger fra \u00e9n dataansvarlig til en anden uden hindring.<\/p>\n\n\n\n<p>Du kan l\u00e6se mere om dine rettigheder i Datatilsynets vejledning om de registreredes rettigheder, som du finder p\u00e5&nbsp;<a href=\"http:\/\/www.datatilsynet.dk\/\">www.datatilsynet.dk<\/a>.<\/p>\n\n\n\n<h3 class=\"wp-block-heading\">Tilbagetr\u00e6kning af Samtykke<\/h3>\n\n\n\n<p>N\u00e5r vores behandling af dine personoplysninger er baseret p\u00e5 dit samtykke, har du ret til at tr\u00e6kke dit samtykke tilbage.<\/p>\n\n\n\n<h3 class=\"wp-block-heading\">Klage til Datatilsynet<\/h3>\n\n\n\n<p>Du har ret til at indgive en klage til Datatilsynet, hvis du er utilfreds med den m\u00e5de, vi behandler dine personoplysninger p\u00e5. Du finder Datatilsynets kontaktoplysninger p\u00e5&nbsp;<a href=\"http:\/\/www.datatilsynet.dk\/\">www.datatilsynet.dk<\/a>.<\/p>\n\n\n\n<p>Vi vil generelt opfordre dig til at l\u00e6se mere om GDPR, s\u00e5 du er opdateret p\u00e5 reglerne.<\/p>\n\n\n\n<h2 class=\"wp-block-heading\"><strong>Cookiepolitik<\/strong><\/h2>\n\n\n\n<h2 class=\"wp-block-heading\">Hvad er Cookies?<\/h2>\n\n\n\n<p>Cookies er sm\u00e5 tekstfiler, der kan bruges af websteder til at g\u00f8re en brugers oplevelse mere effektiv. Loven siger, at vi kan gemme cookies p\u00e5 din enhed, hvis de er strengt n\u00f8dvendige for at sikre leveringen af den tjeneste, som du udtrykkeligt har anmodet om at bruge. For alle andre typer cookies skal vi indhente dit samtykke.<\/p>\n\n\n\n<h2 class=\"wp-block-heading\">Hvordan vi bruger Cookies<\/h2>\n\n\n\n<p>Denne hjemmeside anvender forskellige typer cookies. Nogle cookies s\u00e6ttes af tredjeparts tjenester, der vises p\u00e5 vores sider.<\/p>\n\n\n\n<h3 class=\"wp-block-heading\">N\u00f8dvendige Cookies<\/h3>\n\n\n\n<p>N\u00f8dvendige cookies hj\u00e6lper med at g\u00f8re en hjemmeside brugbar ved at aktivere grundl\u00e6ggende funktioner som sidenavigation og adgang til sikre omr\u00e5der af hjemmesiden. Hjemmesiden kan ikke fungere ordentligt uden disse cookies.<\/p>\n\n\n\n<h3 class=\"wp-block-heading\">Pr\u00e6ference Cookies<\/h3>\n\n\n\n<p>Pr\u00e6ference cookies g\u00f8r det muligt for en hjemmeside at huske oplysninger, der \u00e6ndrer den m\u00e5de, hjemmesiden ser ud eller opf\u00f8rer sig p\u00e5. F.eks. dit foretrukne sprog eller den region, du befinder dig i.<\/p>\n\n\n\n<h3 class=\"wp-block-heading\">Statistik Cookies<\/h3>\n\n\n\n<p>Statistik cookies hj\u00e6lper webstedsejere med at forst\u00e5, hvordan bes\u00f8gende interagerer med hjemmesider ved at indsamle og rapportere oplysninger anonymt.<\/p>\n\n\n\n<h3 class=\"wp-block-heading\">Marketing Cookies<\/h3>\n\n\n\n<p>Marketing cookies bruges til at spore bes\u00f8gende p\u00e5 tv\u00e6rs af hjemmesider. Hensigten er at vise annoncer, der er relevante og engagerende for den enkelte bruger og dermed mere v\u00e6rdifulde for udgivere og tredjeparts annonc\u00f8rer.<\/p>\n\n\n\n<h2 class=\"wp-block-heading\">S\u00e5dan sletter eller blokerer du Cookies<\/h2>\n\n\n\n<p>Du kan til enhver tid \u00e6ndre eller tr\u00e6kke dit samtykke tilbage fra Cookie-erkl\u00e6ringen p\u00e5 vores hjemmeside. L\u00e6s mere om, hvem vi er, hvordan du kan kontakte os, og hvordan vi behandler personoplysninger i vores Privatlivspolitik. Du kan slette cookies installeret p\u00e5 din computer ved at f\u00f8lge anvisningerne fra din browserleverand\u00f8r.<\/p>\n\n\n\n<h3 class=\"wp-block-heading\">Kontakt<\/h3>\n\n\n\n<p>Hvis du har sp\u00f8rgsm\u00e5l vedr\u00f8rende denne cookiepolitik, kan du kontakte os p\u00e5:<\/p>\n\n\n\n<p><strong>Holstebro Blik og Ventilation ApS<\/strong><br>Haydnsvej 41, 7500 Holstebro<br>E-mail:&nbsp;<a>Holstebroblik@gmail.com<\/a><br>Telefon: 29 40 29 76<\/p>\n\n\n\n<h2 class=\"wp-block-heading\">Cookiepolitik<\/h2>\n\n\n\n<h2 class=\"wp-block-heading\">Hvad er Cookies?<\/h2>\n\n\n\n<p>Cookies er sm\u00e5 tekstfiler, der kan bruges af websteder til at g\u00f8re en brugers oplevelse mere effektiv. Loven siger, at vi kan gemme cookies p\u00e5 din enhed, hvis de er strengt n\u00f8dvendige for at sikre leveringen af den tjeneste, som du udtrykkeligt har anmodet om at bruge. For alle andre typer cookies skal vi indhente dit samtykke.<\/p>\n\n\n\n<h2 class=\"wp-block-heading\">Hvordan vi bruger Cookies<\/h2>\n\n\n\n<p>Denne hjemmeside anvender forskellige typer cookies. Nogle cookies s\u00e6ttes af tredjeparts tjenester, der vises p\u00e5 vores sider.<\/p>\n\n\n\n<h3 class=\"wp-block-heading\">N\u00f8dvendige Cookies<\/h3>\n\n\n\n<p>N\u00f8dvendige cookies hj\u00e6lper med at g\u00f8re en hjemmeside brugbar ved at aktivere grundl\u00e6ggende funktioner som sidenavigation og adgang til sikre omr\u00e5der af hjemmesiden. Hjemmesiden kan ikke fungere ordentligt uden disse cookies.<\/p>\n\n\n\n<h3 class=\"wp-block-heading\">Pr\u00e6ference Cookies<\/h3>\n\n\n\n<p>Pr\u00e6ference cookies g\u00f8r det muligt for en hjemmeside at huske oplysninger, der \u00e6ndrer den m\u00e5de, hjemmesiden ser ud eller opf\u00f8rer sig p\u00e5. F.eks. dit foretrukne sprog eller den region, du befinder dig i.<\/p>\n\n\n\n<h3 class=\"wp-block-heading\">Statistik Cookies<\/h3>\n\n\n\n<p>Statistik cookies hj\u00e6lper webstedsejere med at forst\u00e5, hvordan bes\u00f8gende interagerer med hjemmesider ved at indsamle og rapportere oplysninger anonymt.<\/p>\n\n\n\n<h3 class=\"wp-block-heading\">Marketing Cookies<\/h3>\n\n\n\n<p>Marketing cookies bruges til at spore bes\u00f8gende p\u00e5 tv\u00e6rs af hjemmesider. Hensigten er at vise annoncer, der er relevante og engagerende for den enkelte bruger og dermed mere v\u00e6rdifulde for udgivere og tredjeparts annonc\u00f8rer.<\/p>\n\n\n\n<h2 class=\"wp-block-heading\">S\u00e5dan sletter eller blokerer du Cookies<\/h2>\n\n\n\n<p>Du kan til enhver tid \u00e6ndre eller tr\u00e6kke dit samtykke tilbage fra Cookie-erkl\u00e6ringen p\u00e5 vores hjemmeside. L\u00e6s mere om, hvem vi er, hvordan du kan kontakte os, og hvordan vi behandler personoplysninger i vores Privatlivspolitik. Du kan slette cookies installeret p\u00e5 din computer ved at f\u00f8lge anvisningerne fra din browserleverand\u00f8r.<\/p>\n\n\n\n<h3 class=\"wp-block-heading\">Kontakt<\/h3>\n\n\n\n<p>Hvis du har sp\u00f8rgsm\u00e5l vedr\u00f8rende denne cookiepolitik, kan du kontakte os p\u00e5:<\/p>\n\n\n\n<p>Holstebro Blik og Ventilation ApS<br>Haydnsvej 41<br>7500 Holstebro<br>E-mail:&nbsp;<a>Holstebroblik@gmail.com<\/a><br>Telefon: 29 40 29 76<\/p>\n","protected":false},"excerpt":{"rendered":"<p>Privatlivs- og Cookiepolitik for Holstebro Blik og Ventilation ApS Dataansvarlig Vi er dataansvarlige for behandlingen af de personoplysninger, som vi behandler om vores kunder og samarbejdspartnere. Du finder vores kontaktoplysninger nedenfor: Holstebro Blik og Ventilation ApSHaydnsvej 41, 7500 HolstebroCVR-nr.: 36948582E-mail:&nbsp;Holstebroblik@gmail.comTelefon: 29 40 29 76 Det er ikke et krav, at vores virksomhed har en ekstern [&hellip;]<\/p>\n","protected":false},"author":1,"featured_media":0,"parent":0,"menu_order":0,"comment_status":"closed","ping_status":"closed","template":"","meta":{"_acf_changed":false,"footnotes":""},"class_list":["post-3","page","type-page","status-publish","hentry","grve-entry-item"],"acf":[],"_links":{"self":[{"href":"https:\/\/udviklingserver03.dk\/holstebroblik.dk\/wp-json\/wp\/v2\/pages\/3","targetHints":{"allow":["GET"]}}],"collection":[{"href":"https:\/\/udviklingserver03.dk\/holstebroblik.dk\/wp-json\/wp\/v2\/pages"}],"about":[{"href":"https:\/\/udviklingserver03.dk\/holstebroblik.dk\/wp-json\/wp\/v2\/types\/page"}],"author":[{"embeddable":true,"href":"https:\/\/udviklingserver03.dk\/holstebroblik.dk\/wp-json\/wp\/v2\/users\/1"}],"replies":[{"embeddable":true,"href":"https:\/\/udviklingserver03.dk\/holstebroblik.dk\/wp-json\/wp\/v2\/comments?post=3"}],"version-history":[{"count":3,"href":"https:\/\/udviklingserver03.dk\/holstebroblik.dk\/wp-json\/wp\/v2\/pages\/3\/revisions"}],"predecessor-version":[{"id":463,"href":"https:\/\/udviklingserver03.dk\/holstebroblik.dk\/wp-json\/wp\/v2\/pages\/3\/revisions\/463"}],"wp:attachment":[{"href":"https:\/\/udviklingserver03.dk\/holstebroblik.dk\/wp-json\/wp\/v2\/media?parent=3"}],"curies":[{"name":"wp","href":"https:\/\/api.w.org\/{rel}","templated":true}]}}