{"id":3,"date":"2024-03-14T11:46:48","date_gmt":"2024-03-14T11:46:48","guid":{"rendered":"http:\/\/www.lundhjemmesider-udvikling.dk\/d-m-s\/?page_id=3"},"modified":"2026-02-18T15:21:19","modified_gmt":"2026-02-18T15:21:19","slug":"privatlivspolitik","status":"publish","type":"page","link":"https:\/\/udviklingserver03.dk\/fondenmentalsundhed\/privatlivspolitik\/","title":{"rendered":"Privatlivspolitik"},"content":{"rendered":"<section class=\"wpb-content-wrapper\"><p>[vc_row][vc_column][vc_column_text]<\/p>\r\n<h1 class=\"vcex-heading vcex-heading-plain vcex-module wpex-heading wpex-text-2xl vcex_69950e5a11549 wp-block-heading\"><span class=\"vcex-heading-inner wpex-inline-block\">PRIVATLIVSPOLITIK<\/span><\/h1>\r\n<div class=\"vc_empty_space\">\u00a0<\/div>\r\n<div class=\"wpb_text_column wpb_content_element \">\r\n<div class=\"wpb_wrapper\">\r\n<p>Fonden Mental Sundhed (CVR-nr. 41799366) er dataansvarlig for de oplysninger, vi behandler om dig, og vi sikrer, at dine personoplysninger behandles i overensstemmelse med lovgivningen.<\/p>\r\n<p>Vi tager din databeskyttelse alvorligt, og vi har derfor vedtaget denne privatlivspolitik, der fort\u00e6ller dig, hvordan vi behandler dine personoplysninger.<\/p>\r\n<\/div>\r\n<\/div>\r\n<div class=\"vc_empty_space\">\u00a0<\/div>\r\n<h4 class=\"vcex-heading vcex-heading-plain vcex-module wpex-heading wpex-text-2xl vcex_69950e5a1321d\"><span class=\"vcex-heading-inner wpex-inline-block\">Kontaktoplysninger<\/span><\/h4>\r\n<div class=\"vc_empty_space\">\u00a0<\/div>\r\n<div class=\"wpb_text_column wpb_content_element \">\r\n<div class=\"wpb_wrapper\">\r\n<p>Hvis du \u00f8nsker at kontakte os ang\u00e5ende vores behandling af dine personoplysninger, kan du g\u00f8re det p\u00e5:<\/p>\r\n<p>H\u00f8ffdingsvej 22, 1 sal<br \/>2500 Valby<\/p>\r\n<p>info@fondenmentalsundhed.dk<\/p>\r\n<\/div>\r\n<\/div>\r\n<div class=\"vc_empty_space\">\u00a0<\/div>\r\n<h1 class=\"vcex-heading vcex-heading-plain vcex-module wpex-heading wpex-text-2xl vcex_69950e5a14b4a\"><span class=\"vcex-heading-inner wpex-inline-block\">BEHANDLING AF PERSONOPLYSNINGER<\/span><\/h1>\r\n<div class=\"vc_empty_space\">\u00a0<\/div>\r\n<div class=\"wpb_text_column wpb_content_element \">\r\n<div class=\"wpb_wrapper\">\r\n<p>Personoplysninger er alle slags informationer, der i et eller andet omfang kan henf\u00f8res til dig. Hvis du ikke \u00f8nsker, at vi behandler disse oplysninger, kan det blive problematisk at opretholde og im\u00f8dekomme eventuelt indg\u00e5ede aftaler og retlige forpligtelser.<\/p>\r\n<p>Vi har truffet passende tekniske og organisatoriske foranstaltninger for at sikre dine oplysninger mod h\u00e6ndelig eller ulovlig tilintetg\u00f8relse, tab, \u00e6ndring, uautoriseret videregivelse eller uautoriseret adgang. Vi sikrer, at behandlingen kun kan finde sted, n\u00e5r alle databeskyttelsesprincipper er opfyldt.<\/p>\r\n<p>Nedenfor kan du se, p\u00e5 hvilke grundlag vi behandler dine oplysninger, til hvilket form\u00e5l og i hvor lang tid vi opbevarer dem.<\/p>\r\n<\/div>\r\n<\/div>\r\n<div class=\"vc_empty_space\">\u00a0<\/div>\r\n<h4 class=\"vcex-heading vcex-heading-plain vcex-module wpex-heading wpex-text-2xl vcex_69950e5a160b6\"><span class=\"vcex-heading-inner wpex-inline-block\">Hjemmesidebes\u00f8gende<\/span><\/h4>\r\n<div class=\"vc_empty_space\">\u00a0<\/div>\r\n<div class=\"wpb_text_column wpb_content_element \">\r\n<div class=\"wpb_wrapper\">\r\n<p>N\u00e5r du bes\u00f8ger vores hjemmeside, behandler vi f\u00f8lgende personoplysninger om dig:<\/p>\r\n<ul>\r\n<li>Almindelige oplysninger om din brug af hjemmesiden og cookies<em><br \/><\/em><\/li>\r\n<\/ul>\r\n<p>Vi indsamler personoplysninger om hjemmesidebes\u00f8gende med f\u00f8lgende form\u00e5l:<\/p>\r\n<ul>\r\n<li>For at sikre optimal drift af vores hjemmeside.<\/li>\r\n<\/ul>\r\n<p>Vi indsamler oplysningerne p\u00e5 f\u00f8lgende behandlingsgrundlag:<\/p>\r\n<ul>\r\n<li>Du har givet samtykke via cookiebanner, jf. databeskyttelsesforordningen art. 6, stk. 1, litra a.<\/li>\r\n<li>Vores legitime interesse, som er at kunne administrere vores hjemmeside, jf. databeskyttelsesforordningen art. 6, stk. 1, litra f.<\/li>\r\n<\/ul>\r\n<p>Vi opbevarer oplysningerne i det tidsrum lovgivningen tillader, og vi sletter dem, n\u00e5r de ikke l\u00e6ngere er n\u00f8dvendige. Perioden afh\u00e6nger af karakteren af oplysningen og baggrunden for opbevaringen. Typisk vil personoplysninger for hjemmesidebes\u00f8gende blive slettet efter en \u00e5rlig revidering. Du kan selv slette dine cookies, samt \u00e6ndre dit samtykke via cookiepolitikken.<\/p>\r\n<\/div>\r\n<\/div>\r\n<div class=\"vc_empty_space\">\u00a0<\/div>\r\n<h4 class=\"vcex-heading vcex-heading-plain vcex-module wpex-heading wpex-text-2xl vcex_69950e5a1757a\"><span class=\"vcex-heading-inner wpex-inline-block\">Leverand\u00f8rer, kunder og samarbejdspartnere<\/span><\/h4>\r\n<div class=\"vc_empty_space\">\u00a0<\/div>\r\n<div class=\"wpb_text_column wpb_content_element \">\r\n<div class=\"wpb_wrapper\">\r\n<p>For at v\u00e6re leverand\u00f8r og samarbejdspartner hos os, er det n\u00f8dvendigt, at vi indsamler f\u00f8lgende personoplysninger om dig:<\/p>\r\n<ul>\r\n<li>Navn, e-mail, telefonnummer, titel, organisation, underskrift, evt. foto s\u00e5fremt du samtykker hertil<\/li>\r\n<\/ul>\r\n<p>Vi indsamler personoplysninger om leverand\u00f8rer og samarbejdspartnere til f\u00f8lgende form\u00e5l:<\/p>\r\n<ul>\r\n<li>Behandling af vores k\u00f8b\/ydelser<\/li>\r\n<li>Administration af din relation til os<\/li>\r\n<\/ul>\r\n<p>Vi indsamler disse oplysninger p\u00e5 f\u00f8lgende retsgrundlag:<\/p>\r\n<ul>\r\n<li>Der er blevet givet samtykke, jf. databeskyttelsesforordningen art. 6, stk. 1 litra a.<\/li>\r\n<li>Behandling sker p\u00e5 baggrund af opfyldelse af samarbejds- samt evt. databehandleraftalen, jf. databeskyttelsesforordningen art. 6, stk. 1 litra b.<\/li>\r\n<li>Behandling sker p\u00e5 baggrund af en retlig forpligtelse, i blandt andre bogf\u00f8ringsloven, jf. databeskyttelsesforordningen art. 6, stk. 1 litra c.<\/li>\r\n<li>Vores legitime interesse, som er administration af vores leverand\u00f8rer og samarbejdspartnere, n\u00f8dvendigg\u00f8r behandlingen af disse personoplysninger, og vi forsikrer, at im\u00f8dekommelse af den legitime interesse ikke vil g\u00e5 udover dine rettigheder, jf. databeskyttelsesforordningen art. 6, stk. 1 litra f.<\/li>\r\n<\/ul>\r\n<p>Vi opbevarer oplysningerne i det tidsrum lovgivningen tillader, og vi sletter dem, n\u00e5r de ikke l\u00e6ngere er n\u00f8dvendige. Perioden for opbevaringen afh\u00e6nger af karakteren af oplysningen og form\u00e5let med behandlingen, og vi sikrer at der l\u00f8bende tages stilling hertil samt at der udf\u00f8res den n\u00f8dvendige sletning af oplysningerne.<\/p>\r\n<\/div>\r\n<\/div>\r\n<div class=\"vc_empty_space\">\u00a0<\/div>\r\n<h4 class=\"vcex-heading vcex-heading-plain vcex-module wpex-heading wpex-text-2xl vcex_69950e5a18a18\"><span class=\"vcex-heading-inner wpex-inline-block\">Rekruttering<\/span><\/h4>\r\n<div class=\"vc_empty_space\">\u00a0<\/div>\r\n<div class=\"wpb_text_column wpb_content_element \">\r\n<div class=\"wpb_wrapper\">\r\n<p>Form\u00e5let med at indsamle personoplysninger om dig i rekrutteringsprocessen er at vurdere, om du er en kvalificeret kandidat til en ledig stilling hos os.<\/p>\r\n<p>Personoplysninger, som fremkommer i rekrutteringsprocessen, er de oplysninger, som fremg\u00e5r af din ans\u00f8gning, CV og andre medsendte dokumenter, der bliver registreret. Det er ikke n\u00f8dvendigt, at du skriver CPR-nummer, og vi opfordrer dig til ikke at inkludere dette i ans\u00f8gningen eller i vedh\u00e6ftede dokumenter s\u00e5som karakterudskrifter.<\/p>\r\n<p>Din ans\u00f8gning med bilag bliver delt internt med relevant personale i rekrutteringsprocessen, men deles ikke med personer uden for virksomheden.<\/p>\r\n<p>Hvis du bliver kaldt til jobsamtale, vil vi notere oplysninger og informationer til brug for det videre rekrutteringsforl\u00f8b.<\/p>\r\n<p>Vi behandler dine oplysninger p\u00e5 baggrund af vores legitime interesse jf. databeskyttelsesforordningen art. 6, stk. 1 litra f, som er at vurdere dine kvalifikationer og kompetencer i forhold til den opsl\u00e5ede stilling.<\/p>\r\n<p>Ans\u00f8gning og bilag kan gemmes i op til 6 m\u00e5neder efter rekrutteringsprocessen er afsluttet, hvorefter dine oplysninger vil blive slettet. Form\u00e5let med opbevaring efter endt rekrutteringsforl\u00f8b er at sikre interesser i tilf\u00e6lde af eventuelle indsigelser om diskrimination, forskelsbehandlinger o. lign. under rekrutteringsprocessen.<\/p>\r\n<p>\u00d8nsker vi at gemme din ans\u00f8gning med Bilag, med henblik p\u00e5 mulig fremtidig ans\u00e6ttelse, sker dette p\u00e5 baggrund af dit samtykke, jf. databeskyttelsesforordningen art. 6, stk. 1, litra a.<\/p>\r\n<\/div>\r\n<\/div>\r\n<div class=\"vc_empty_space\">\u00a0<\/div>\r\n<h4 class=\"vcex-heading vcex-heading-plain vcex-module wpex-heading wpex-text-2xl vcex_69950e5a19fab\"><span class=\"vcex-heading-inner wpex-inline-block\">Uopfordrede ans\u00f8gninger<\/span><\/h4>\r\n<div class=\"vc_empty_space\">\u00a0<\/div>\r\n<div class=\"wpb_text_column wpb_content_element \">\r\n<div class=\"wpb_wrapper\">\r\n<p>Ved uopfordrede ans\u00f8gninger behandler vi dine oplysninger p\u00e5 baggrund af vores legitime interesse jf. databeskyttelsesforordningen art. 6, stk. 1, litra f, som er at vurdere dine kvalifikationer og kompetencer i forhold til mulig fremtidig ans\u00e6ttelse.<\/p>\r\n<p>Ved uopfordrede ans\u00f8gninger gemmes ans\u00f8gning og bilag maksimalt i 6 m\u00e5neder, hvorefter det slettes. \u00d8nsker vi at opbevare din ans\u00f8gninger i l\u00e6ngere tid end dette, s\u00e5 sker dette p\u00e5 baggrund af et specifikt samtykke fra dig.<\/p>\r\n<p>Dit samtykke er frivilligt, og du kan til enhver tid tr\u00e6kke det tilbage ved at henvende dig til os ved brug af ovenst\u00e5ende kontaktoplysninger.<\/p>\r\n<\/div>\r\n<\/div>\r\n<div class=\"vc_empty_space\">\u00a0<\/div>\r\n<h4 class=\"vcex-heading vcex-heading-plain vcex-module wpex-heading wpex-text-2xl vcex_69950e5a1b503\"><span class=\"vcex-heading-inner wpex-inline-block\">Respondenter eller andre deltagere i Fonden Mental Sundheds aktiviteter og forskningsarbejde<\/span><\/h4>\r\n<div class=\"vc_empty_space\">\u00a0<\/div>\r\n<div class=\"wpb_text_column wpb_content_element \">\r\n<div class=\"wpb_wrapper\">\r\n<p>Er du respondent eller deltagere i vores aktiviteter vedr\u00f8rende mental sundhed og sundhedsfremme, har du forud for din deltagelse afgivet samtykke til behandlingen af dine personoplysninger, jf. databeskyttelsesforordningen art. 6, stk. 1, litra a. Samtykket har derfor tjent som den lovpligtige oplysning forud for dataindsamlingen og -behandlingen, hvorfor der ikke er yderligere oplysninger omkring vores behandling af dine oplysninger i denne forbindelse, inkluderet i n\u00e6rv\u00e6rende privatlivspolitik.<\/p>\r\n<p>S\u00e5fremt du \u00f8nsker at g\u00f8re brug af dine rettigheder som registreret, f.eks. hvis du \u00f8nsker oplysning omkring vores behandling af dine oplysninger i forbindelse med et projekt du har deltaget i, eller s\u00e5fremt du \u00f8nsker at tilbagekalde dit samtykke, kan du g\u00f8re det p\u00e5 kontaktoplysningerne ovenfor.<\/p>\r\n<p>Har vi v\u00e6ret databehandlere, i et projekt du har deltaget i, skal vi nok fors\u00f8ge at henvise til dig den organisation, kommune eller lignende, som du i stedet b\u00f8r rette din henvendelse til.<\/p>\r\n<\/div>\r\n<\/div>\r\n<div class=\"vc_empty_space\">\u00a0<\/div>\r\n<h1 class=\"vcex-heading vcex-heading-plain vcex-module wpex-heading wpex-text-2xl vcex_69950e5a1cb38\"><span class=\"vcex-heading-inner wpex-inline-block\">\u00d8VRIGE OPLYSNINGER OM BEHANDLING<\/span><\/h1>\r\n<div class=\"vc_empty_space\">\u00a0<\/div>\r\n<h4 class=\"vcex-heading vcex-heading-plain vcex-module wpex-heading wpex-text-2xl vcex_69950e5a1da05\"><span class=\"vcex-heading-inner wpex-inline-block\">Dataminimering<\/span><\/h4>\r\n<div class=\"vc_empty_space\">\u00a0<\/div>\r\n<div class=\"wpb_text_column wpb_content_element \">\r\n<div class=\"wpb_wrapper\">\r\n<p>Vi behandler kun de oplysninger, der er n\u00f8dvendige til at opfylde vores fastsatte form\u00e5l. Derudover kan det v\u00e6re p\u00e5lagt ved lov, at vi indsamler og opbevarer en r\u00e6kke andre oplysninger om dig. Vi opbevarer kun personoplysninger s\u00e5 l\u00e6nge, det er n\u00f8dvendigt eller p\u00e5lagt ved lov. Personoplysninger slettes eller anonymiseres, n\u00e5r det ikke l\u00e6ngere er n\u00f8dvendigt for os at behandle dem.<\/p>\r\n<\/div>\r\n<\/div>\r\n<div class=\"vc_empty_space\">\u00a0<\/div>\r\n<h4 class=\"vcex-heading vcex-heading-plain vcex-module wpex-heading wpex-text-2xl vcex_69950e5a1e672\"><span class=\"vcex-heading-inner wpex-inline-block\">Vi holder data ajour<\/span><\/h4>\r\n<div class=\"vc_empty_space\">\u00a0<\/div>\r\n<div class=\"wpb_text_column wpb_content_element \">\r\n<div class=\"wpb_wrapper\">\r\n<p>Da vores service er afh\u00e6ngig af, at dine personoplysningerne er korrekte og opdaterede, beder vi dig oplyse os om relevante \u00e6ndringer i dine personoplysninger. Du kan benytte kontaktoplysningerne ovenfor til at meddele os dine \u00e6ndringer, s\u00e5 s\u00f8rger vi for at opdatere dine personoplysninger. Hvis vi selv bliver opm\u00e6rksomme p\u00e5, at dine personoplysninger ikke er korrekte, opdaterer vi oplysningerne og giver dig meddelelse om dette.<\/p>\r\n<\/div>\r\n<\/div>\r\n<div class=\"vc_empty_space\">\u00a0<\/div>\r\n<h4 class=\"vcex-heading vcex-heading-plain vcex-module wpex-heading wpex-text-2xl vcex_69950e5a1f93f\"><span class=\"vcex-heading-inner wpex-inline-block\">Nyhedsbrev<\/span><\/h4>\r\n<div class=\"vc_empty_space\">\u00a0<\/div>\r\n<div class=\"wpb_text_column wpb_content_element \">\r\n<div class=\"wpb_wrapper\">\r\n<p>Dit samtykke til at modtage vores nyhedsbrev er frivilligt, og du kan tr\u00e6kke det tilbage ved at kontakte os n\u00e5r som helst. Brug kontaktoplysningerne ovenfor, hvis du \u00f8nsker yderligere oplysninger.<\/p>\r\n<\/div>\r\n<\/div>\r\n<div class=\"vc_empty_space\">\u00a0<\/div>\r\n<h4 class=\"vcex-heading vcex-heading-plain vcex-module wpex-heading wpex-text-2xl vcex_69950e5a20d02\"><span class=\"vcex-heading-inner wpex-inline-block\">Appen \u00c5ben og Rolig<\/span><\/h4>\r\n<div class=\"vc_empty_space\">\u00a0<\/div>\r\n<div class=\"wpb_text_column wpb_content_element \">\r\n<div class=\"wpb_wrapper\">\r\n<p>Denne privatlivspolitik g\u00e6lder specifikt for appen \u201c\u00c5ben og Rolig\u201d, udviklet af Fonden Mental Sundhed. Privatlivspolitikken er et supplement til vores generelle privatlivspolitik der er g\u00e6ldende for al databehandling, som vi foretager.<\/p>\r\n<div><b data-olk-copy-source=\"MessageBody\">Dataindsamling og -brug<\/b><\/div>\r\n<div>Appen \u201c\u00c5ben og Rolig\u201d er designet med fokus p\u00e5 brugerens privatliv og indsamler kun data, der er n\u00f8dvendige for dens funktion. Typen af data, vi indsamler, omfatter:<\/div>\r\n<ul data-editing-info=\"{&quot;unorderedStyleType&quot;:1,&quot;applyListStyleFromLevel&quot;:false}\">\r\n<li>\r\n<div>Tekniske data: For at sikre korrekt drift af appen indsamles oplysninger som enhedstype, operativsystem og app-version. Disse data er ikke personhenf\u00f8rbare.<\/div>\r\n<\/li>\r\n<\/ul>\r\n<h5><b>Form\u00e5l med databehandling<\/b><\/h5>\r\n<div>\u00a0<\/div>\r\n<div><b>De indsamlede data bruges til at:<\/b><\/div>\r\n<ul data-editing-info=\"{&quot;applyListStyleFromLevel&quot;:false,&quot;unorderedStyleType&quot;:1}\">\r\n<li>\r\n<div>Sikre stabilitet og funktionalitet af appen.<\/div>\r\n<\/li>\r\n<\/ul>\r\n<div><b>Dataopbevaring og -sletning<\/b><\/div>\r\n<ul data-editing-info=\"{&quot;applyListStyleFromLevel&quot;:false,&quot;unorderedStyleType&quot;:1}\">\r\n<li>\r\n<div>Tekniske data gemmes kun s\u00e5 l\u00e6nge, det er n\u00f8dvendigt for at analysere og forbedre appens funktionalitet.<\/div>\r\n<\/li>\r\n<\/ul>\r\n<div><b>Deling af data<\/b><\/div>\r\n<ul data-editing-info=\"{&quot;unorderedStyleType&quot;:1,&quot;applyListStyleFromLevel&quot;:false}\">\r\n<li>\r\n<div>Som en del af appens tekniske vedligeholdelse har Makeable ApS adgang til tekniske data, men de bruger kun disse data til at sikre appens funktionalitet og forbedring. Vi deler ikke data indsamlet fra appen med andre tredjeparter, medmindre dette kr\u00e6ves ved lov.<\/div>\r\n<\/li>\r\n<\/ul>\r\n<div><b>Sikkerhed<\/b><\/div>\r\n<ul data-editing-info=\"{&quot;unorderedStyleType&quot;:1,&quot;applyListStyleFromLevel&quot;:false}\">\r\n<li>\r\n<div>Vi anvender moderne tekniske og organisatoriske foranstaltninger for at beskytte data mod uautoriseret adgang og misbrug. Vi anbefaler at brugeren beskytter sin enhed med en adgangskode eller lignende sikkerhedsforanstaltninger.<\/div>\r\n<\/li>\r\n<\/ul>\r\n<div><b>Udvikling og datah\u00e5ndtering<\/b><\/div>\r\n<ul data-editing-info=\"{&quot;unorderedStyleType&quot;:1,&quot;applyListStyleFromLevel&quot;:false}\">\r\n<li>\r\n<div>Appen \u201c\u00c5ben og Rolig\u201d er udviklet af Makeable ApS p\u00e5 vegne af Fonden Mental Sundhed. Makeable ApS har ansvar for teknisk udvikling og vedligeholdelse af appen. Som en del af dette kan Makeable ApS f\u00e5 adgang til tekniske data for at sikre appens funktionalitet og stabilitet.<\/div>\r\n<\/li>\r\n<li>\r\n<div>Makeable ApS opbevarer og behandler data i overensstemmelse med g\u00e6ldende databeskyttelseslovgivning. Tekniske data slettes eller anonymiseres, n\u00e5r de ikke l\u00e6ngere er n\u00f8dvendige. Adgang til data er begr\u00e6nset og kontrolleret, og Makeable ApS sletter data i henhold til aftalte procedurer, n\u00e5r data ikke l\u00e6ngere er relevante. Derudover sikrer Makeable, at alle data slettes fuldst\u00e6ndigt fra deres systemer, n\u00e5r samarbejdet oph\u00f8rer, eller n\u00e5r data ikke l\u00e6ngere er n\u00f8dvendige til teknisk vedligeholdelse.<\/div>\r\n<\/li>\r\n<\/ul>\r\n<\/div>\r\n<\/div>\r\n<div class=\"vc_empty_space\">\u00a0<\/div>\r\n<h4 class=\"vcex-heading vcex-heading-plain vcex-module wpex-heading wpex-text-2xl vcex_69950e5a21f08\"><span class=\"vcex-heading-inner wpex-inline-block\">Videregivelse af oplysninger<\/span><\/h4>\r\n<div class=\"vc_empty_space\">\u00a0<\/div>\r\n<div class=\"wpb_text_column wpb_content_element \">\r\n<div class=\"wpb_wrapper\">\r\n<div>\r\n<p>Vi benytter en r\u00e6kke tredjeparter til opbevaring og behandling af oplysningerne, herunder leverand\u00f8rer af it-l\u00f8sninger, revisorer mv. Disse behandler udelukkende oplysninger p\u00e5 vores vegne og m\u00e5 ikke anvende dem til deres egne form\u00e5l. I relevante tilf\u00e6lde videregives personoplysninger til banker, offentlige myndigheder mv.<\/p>\r\n<\/div>\r\n<div>\r\n<p class=\"paragraph\"><span class=\"normaltextrun\">Vi anvender\u00a0<\/span><span class=\"spellingerror\">databehandlere<\/span><span class=\"normaltextrun\">\/leverand\u00f8rer til\u00a0behandling af personoplysninger. Vi prioriterer leverand\u00f8rer fra EU, samt fra tredjelande, som EU Kommissionen har godkendt\u00a0ift.\u00a0beskyttelsesniveauet omkring personoplysninger, jf. databeskyttelsesforordningen art. 45.<\/span><span class=\"eop\">\u00a0<\/span><\/p>\r\n<\/div>\r\n<\/div>\r\n<\/div>\r\n<div class=\"vc_empty_space\">\u00a0<\/div>\r\n<h4 class=\"vcex-heading vcex-heading-plain vcex-module wpex-heading wpex-text-2xl vcex_69950e5a22b98\"><span class=\"vcex-heading-inner wpex-inline-block\">Videregivelse af oplysninger til usikre tredjelande<\/span><\/h4>\r\n<div class=\"vc_empty_space\">\u00a0<\/div>\r\n<div class=\"wpb_text_column wpb_content_element \">\r\n<div class=\"wpb_wrapper\">\r\n<p>Vi anvender\u00a0desuden nogle\u00a0databehandlere\/leverand\u00f8rer\u00a0i usikre tredjelande.\u00a0N\u00e5r\u00a0tredjelandenes lovgivning ikke tilbyder\u00a0den samme sikkerhed, som EU g\u00f8r, har vi\u00a0sk\u00e6rpede\u00a0forpligtelser i beskyttelsen af dine data.<\/p>\r\n<ul>\r\n<li>Personoplysninger vi indsamler og behandler i forbindelse med rekruttering, markedsf\u00f8ring mv. bliver overf\u00f8rt til Facebook, Instagram og LinkedIn beliggende i USA. Vi har sikret os, at der er et lovligt grundlag for overf\u00f8rslen i form af indg\u00e5ede SCCer, jf. art. 46, stk. 2, litra, og at oplysningerne bliver behandlet under tilstr\u00e6kkelige sikkerhedsforanstaltninger.<\/li>\r\n<li>Personoplysninger vi indsamler og behandler i forbindelse med anvendelse af virksomhedens systemer s\u00e5som Outlook, Office 365 mv. bliver overf\u00f8rt til Microsoft ogs\u00e5 beliggende i USA. Vi har sikret os, at der er et lovligt grundlag for overf\u00f8rslen i form af indg\u00e5ede SCCer, jf. art. 46, stk. 2, litra c, og at oplysningerne bliver behandlet under tilstr\u00e6kkelige sikkerhedsforanstaltninger.<\/li>\r\n<li>Personoplysninger vi indsamler og behandler i forbindelse med marketing samt cookies bliver overf\u00f8rt til Google, USA. Vi har sikret os, at der er et lovligt grundlag for overf\u00f8rslen i form af indg\u00e5ede SCCer art. 46, stk. 2, litra c, og at oplysningerne bliver behandlet under tilstr\u00e6kkelige sikkerhedsforanstaltninger.<\/li>\r\n<li>Personoplysninger vi indsamler og behandler i forbindelse med verifikation af e-mail og password (ifm. vores apps) bliver overf\u00f8rt til Auth0 (Okta Inc.), USA. Vi har sikret os, at der er et lovligt grundlag for overf\u00f8rslen i form af indg\u00e5ede SCCer, jf. art. 46, stk. 2, litra c, og at oplysningerne bliver behandlet under tilstr\u00e6kkelige sikkerhedsforanstaltninger.<\/li>\r\n<li>Personoplysninger vi indsamler og behandler i forbindelse med hosting via AWS-server bliver overf\u00f8rt til Amazon ogs\u00e5 beliggende i USA. Vi har sikret os, at der er et lovligt grundlag for overf\u00f8rslen i form af indg\u00e5ede SCCer, jf. art. 46, stk. 2, litra c, og at oplysningerne bliver behandlet under tilstr\u00e6kkelige sikkerhedsforanstaltninger.<\/li>\r\n<li>Personoplysninger vi indsamler og behandler i forbindelse med udsendelse af nyhedsbrev. bliver overf\u00f8rt til Mailchimp (The Rocket Science Group) ogs\u00e5 beliggende i USA. Vi har sikret os, at der er et lovligt grundlag for overf\u00f8rslen i form af indg\u00e5ede SCCer, jf. art. 46, stk. 2, litra c, og at oplysningerne bliver behandlet under tilstr\u00e6kkelige sikkerhedsforanstaltninger.<\/li>\r\n<\/ul>\r\n<p>Hvis du vil vide mere om de overf\u00f8rselsgrundlag, som ber\u00f8rer dig, kan du kontakte os p\u00e5 ovenst\u00e5ende kontaktpunkt.<\/p>\r\n<\/div>\r\n<\/div>\r\n<div class=\"vc_empty_space\">\u00a0<\/div>\r\n<h4 class=\"vcex-heading vcex-heading-plain vcex-module wpex-heading wpex-text-2xl vcex_69950e5a2378a\"><span class=\"vcex-heading-inner wpex-inline-block\">F\u00e6lles dataansvar (ved brug af sociale medier)<\/span><\/h4>\r\n<div class=\"vc_empty_space\">\u00a0<\/div>\r\n<div class=\"wpb_text_column wpb_content_element \">\r\n<div class=\"wpb_wrapper\">\r\n<p>Vi bruger f\u00f8lgende sociale medier; Facebook, Instagram og LinkedIn, som er kategoriseret som f\u00e6lles dataansvarlige. F\u00e6lles dataansvar betyder, at begge parter er ansvarlige for form\u00e5let med og behandlingen af personoplysninger.<\/p>\r\n<\/div>\r\n<\/div>\r\n<div class=\"vc_empty_space\">\u00a0<\/div>\r\n<h1 class=\"vcex-heading vcex-heading-plain vcex-module wpex-heading wpex-text-2xl vcex_69950e5a2435f\"><span class=\"vcex-heading-inner wpex-inline-block\">DINE RETTIGHEDER<\/span><\/h1>\r\n<div class=\"vc_empty_space\">\u00a0<\/div>\r\n<div class=\"wpb_text_column wpb_content_element \">\r\n<div class=\"wpb_wrapper\">\r\n<p>Du kan ved henvendelse til kontaktoplysningerne \u00f8verst p\u00e5 siden:<\/p>\r\n<ul>\r\n<li>opn\u00e5 indsigt i din personoplysninger<\/li>\r\n<li>ud\u00f8ve retten til begr\u00e6nset behandling<\/li>\r\n<li>tilbagekalde et afgivet samtykke<\/li>\r\n<li>f\u00e5 berigtiget dine registrerede personoplysninger<\/li>\r\n<li>f\u00e5 slettet personoplysninger om dig selv<\/li>\r\n<li>f\u00e5 udleveret dine personoplysninger (dataportabilitet) mhp. at overflytte til en anden dataansvarlig<\/li>\r\n<li>g\u00f8re indsigelse mod behandlingen<\/li>\r\n<li>f\u00e5 begr\u00e6nset behandlingen af dine personoplysninger.<\/li>\r\n<\/ul>\r\n<p>N\u00e5r du henvender dig med en anmodning om at g\u00f8re brug af ovenst\u00e5ende rettigheder, vil vi svare dig indenfor en m\u00e5ned. Hvis vi ikke kan im\u00f8dekomme din anmodning, f\u00e5r du en begrundelse for det.<\/p>\r\n<p>For at g\u00f8re brug af dine rettigheder, eller hvis du har sp\u00f8rgsm\u00e5l til ovenst\u00e5ende, kan du henvende dig til os. Vores kontaktoplysninger finder du \u00f8verst p\u00e5 siden.<\/p>\r\n<p>Hvis du efterf\u00f8lgende er utilfreds med m\u00e5den, hvorp\u00e5 vi behandler dine oplysninger, har du ret til at indgive en klage til\u00a0<a href=\"http:\/\/www.datatilsynet.dk\/\">Datatilsynet<\/a>.<\/p>\r\n<\/div>\r\n<\/div>\r\n<p>[\/vc_column_text][\/vc_column][\/vc_row]<\/p><\/section>","protected":false},"excerpt":{"rendered":"<p>[vc_row][vc_column][vc_column_text] PRIVATLIVSPOLITIK \u00a0 Fonden Mental Sundhed (CVR-nr. 41799366) er dataansvarlig for de oplysninger, vi behandler om dig, og vi sikrer, at dine personoplysninger behandles i overensstemmelse med lovgivningen. Vi tager din databeskyttelse alvorligt, og vi har derfor vedtaget denne privatlivspolitik, der fort\u00e6ller dig, hvordan vi behandler dine personoplysninger. \u00a0 Kontaktoplysninger \u00a0 Hvis du \u00f8nsker at [&hellip;]<\/p>\n","protected":false},"author":1,"featured_media":0,"parent":0,"menu_order":0,"comment_status":"closed","ping_status":"open","template":"","meta":{"_acf_changed":false,"footnotes":""},"class_list":["post-3","page","type-page","status-publish","hentry","grve-entry-item"],"acf":[],"_links":{"self":[{"href":"https:\/\/udviklingserver03.dk\/fondenmentalsundhed\/wp-json\/wp\/v2\/pages\/3","targetHints":{"allow":["GET"]}}],"collection":[{"href":"https:\/\/udviklingserver03.dk\/fondenmentalsundhed\/wp-json\/wp\/v2\/pages"}],"about":[{"href":"https:\/\/udviklingserver03.dk\/fondenmentalsundhed\/wp-json\/wp\/v2\/types\/page"}],"author":[{"embeddable":true,"href":"https:\/\/udviklingserver03.dk\/fondenmentalsundhed\/wp-json\/wp\/v2\/users\/1"}],"replies":[{"embeddable":true,"href":"https:\/\/udviklingserver03.dk\/fondenmentalsundhed\/wp-json\/wp\/v2\/comments?post=3"}],"version-history":[{"count":2,"href":"https:\/\/udviklingserver03.dk\/fondenmentalsundhed\/wp-json\/wp\/v2\/pages\/3\/revisions"}],"predecessor-version":[{"id":1839,"href":"https:\/\/udviklingserver03.dk\/fondenmentalsundhed\/wp-json\/wp\/v2\/pages\/3\/revisions\/1839"}],"wp:attachment":[{"href":"https:\/\/udviklingserver03.dk\/fondenmentalsundhed\/wp-json\/wp\/v2\/media?parent=3"}],"curies":[{"name":"wp","href":"https:\/\/api.w.org\/{rel}","templated":true}]}}