{"id":1840,"date":"2026-02-18T15:22:11","date_gmt":"2026-02-18T15:22:11","guid":{"rendered":"https:\/\/udviklingserver03.dk\/fondenmentalsundhed\/?page_id=1840"},"modified":"2026-02-18T15:22:20","modified_gmt":"2026-02-18T15:22:20","slug":"cookiepolitik","status":"publish","type":"page","link":"https:\/\/udviklingserver03.dk\/fondenmentalsundhed\/cookiepolitik\/","title":{"rendered":"Cookiepolitik"},"content":{"rendered":"<section class=\"wpb-content-wrapper\"><p>[vc_row][vc_column][vc_column_text]<\/p>\n<h1 class=\"vcex-heading vcex-heading-plain vcex-module wpex-heading wpex-text-2xl\"><span class=\"vcex-heading-inner wpex-inline-block\">COOKIE- OG PRIVATLIVSPOLITIK HOS FONDEN MENTAL SUNDHED<\/span><\/h1>\n<div class=\"vc_empty_space\"><\/div>\n<div class=\"vcex-heading vcex-heading-plain vcex-module wpex-heading wpex-text-2xl\"><span class=\"vcex-heading-inner wpex-inline-block\">COOKIES<\/span><\/div>\n<div class=\"vc_empty_space\"><\/div>\n<div class=\"wpb_text_column wpb_content_element \">\n<div class=\"wpb_wrapper\">\n<p>N\u00e5r du bes\u00f8ger hjemmesiden for Fonden Mental Sundhed indsamler vi oplysninger om din brug af siden, som bliver brugt til at forbedre vores indhold og services. Hvis du ikke \u00f8nsker, at der bliver indsamlet oplysninger om din brug af siden, b\u00f8r du slette dine cookies og evt. undlade at bruge hjemmesiden. I de nedenst\u00e5ende afsnit har vi uddybet, hvad det er for informationer, vi indsamler under hvilke omst\u00e6ndigheder, hvad form\u00e5let er hermed og hvilke tredjeparter, vi kan dele dine oplysninger med.<\/p>\n<\/div>\n<\/div>\n<div class=\"vc_empty_space\"><\/div>\n<h1 class=\"vcex-heading vcex-heading-plain vcex-module wpex-heading wpex-text-2xl\"><span class=\"vcex-heading-inner wpex-inline-block\">PERSONOPLYSNINGER<\/span><\/h1>\n<div class=\"vc_empty_space\"><\/div>\n<div class=\"vcex-heading vcex-heading-plain vcex-module wpex-heading wpex-text-2xl\"><span class=\"vcex-heading-inner wpex-inline-block\">Generelt<\/span><\/div>\n<div class=\"vc_empty_space\"><\/div>\n<div class=\"wpb_text_column wpb_content_element \">\n<div class=\"wpb_wrapper\">\n<p>Personoplysninger er alle former for informationer, som i et eller andet omfang kan henf\u00f8res til dig. N\u00e5r du benytter vores website, kan siden indsamle og behandle en r\u00e6kke af s\u00e5danne informationer. Det sker f.eks. ved hvis du tilmelder dig vores nyhedsbrev, deltager i en af vores online-unders\u00f8gelser, registrerer dig som deltager p\u00e5 vores kursusside eller ved \u00f8vrig brug af services, f.eks. hvis du foretager bestillinger eller k\u00f8b via hjemmesiden.<\/p>\n<p>Vi indsamler og behandler typisk f\u00f8lgende oplysninger: Et unikt ID og tekniske oplysninger om din computer, tablet eller mobiltelefon, dit IP-nummer, geografisk placering, samt hvilke af vores undersider du klikker p\u00e5, og f.eks. hvilke downloads du foretager eller andre handlinger du foretager p\u00e5 websitet. Vi registrerer ogs\u00e5 fejlmeldinger, som bruges til at forbedre siderne. Kun hvis du selv giver eksplicit samtykke og selv indtaster informationerne, registrerer og behandler vi (for eksempel ved tilmeldinger til kurser eller nyhedsbrev): Navn, e-mailadresse samt eventuelt telefonnummer. Hvis du foretager k\u00f8b via hjemmesiden, registrerer og behandler vi ogs\u00e5 betalingsoplysningerne.<\/p>\n<\/div>\n<\/div>\n<div class=\"vc_empty_space\"><\/div>\n<div class=\"vcex-heading vcex-heading-plain vcex-module wpex-heading wpex-text-2xl\"><span class=\"vcex-heading-inner wpex-inline-block\">Sikkerhed<\/span><\/div>\n<div class=\"vc_empty_space\"><\/div>\n<div class=\"wpb_text_column wpb_content_element \">\n<div class=\"wpb_wrapper\">\n<p>Vi behandler dine personoplysninger sikkert og fortroligt i overensstemmelse med g\u00e6ldende lovgivning, herunder GDPR, persondataforordningen og databeskyttelsesloven.<\/p>\n<p>Dine oplysninger vil alene blive anvendt til det form\u00e5l, de er indsamlet til og vil blive slettet, n\u00e5r dette form\u00e5l er opfyldt eller ikke l\u00e6ngere er relevant.<\/p>\n<p>Vi har truffet tekniske og organisatoriske foranstaltninger mod, at dine oplysninger h\u00e6ndeligt eller ulovligt bliver slettet, offentliggjort, fortabt, forringet eller kommer til uvedkommendes kendskab, misbruges eller i \u00f8vrigt behandles i strid med lovgivningen.<\/p>\n<\/div>\n<\/div>\n<div class=\"vc_empty_space\"><\/div>\n<div class=\"vcex-heading vcex-heading-plain vcex-module wpex-heading wpex-text-2xl\"><span class=\"vcex-heading-inner wpex-inline-block\">Form\u00e5l<\/span><\/div>\n<div class=\"vc_empty_space\"><\/div>\n<div class=\"wpb_text_column wpb_content_element \">\n<div class=\"wpb_wrapper\">\n<p>Oplysningerne bruges til at identificere dig som bruger, optimere hjemmesidens funktioner, samt at kunne levere dig de services, du m\u00e5tte eftersp\u00f8rge, som at modtage nyhedsbrev. Samlet set anvender vi oplysningerne til at optimere og forbedre vores services og indhold.<\/p>\n<\/div>\n<\/div>\n<div class=\"vc_empty_space\"><\/div>\n<div class=\"vcex-heading vcex-heading-plain vcex-module wpex-heading wpex-text-2xl\"><span class=\"vcex-heading-inner wpex-inline-block\">Periode for opbevaring<\/span><\/div>\n<div class=\"vc_empty_space\"><\/div>\n<div class=\"wpb_text_column wpb_content_element \">\n<div class=\"wpb_wrapper\">\n<p>Vi opbevarer oplysninger i det tidsrum, som er tilladt i henhold til lovgivningen, og vi sletter dem, n\u00e5r de ikke l\u00e6ngere er n\u00f8dvendige eller relevante. Perioden afh\u00e6nger af, hvilken karakter oplysningen er og baggrunden for opbevaring. Det er derfor ikke muligt at give en generel tidsramme for, hvorn\u00e5r informationer slettes. Dine data til nyhedsbrevet slettes, n\u00e5r du afmelder dig nyhedsbrevet.<\/p>\n<\/div>\n<\/div>\n<div class=\"vc_empty_space\"><\/div>\n<div class=\"vcex-heading vcex-heading-plain vcex-module wpex-heading wpex-text-2xl\"><span class=\"vcex-heading-inner wpex-inline-block\">Videregivelse af oplysninger<\/span><\/div>\n<div class=\"vc_empty_space\"><\/div>\n<div class=\"wpb_text_column wpb_content_element \">\n<div class=\"wpb_wrapper\">\n<p>Data om dig og din brug af websitet videregives aldrig til f.eks. annonceringsform\u00e5l eller tredjeparter med kommercielle form\u00e5l. Tredjeparter behandler udelukkende oplysninger p\u00e5 vegne af Fonden Mental Sundhed og m\u00e5 ikke anvende dem til egne form\u00e5l. Vi kan videregive oplysninger til tredjeparter s\u00e5fremt det er et led i optimering af hjemmesiden eller vores almennyttige services i Fonden Mental Sundhed.<\/p>\n<p>Videregivelse af personoplysninger som navn og e-mail m.m. vil kun ske, hvis du selv giver samtykke til det. Vi anvender kun databehandlere i EU eller i lande, der kan give dine oplysninger en tilstr\u00e6kkelig beskyttelse.<\/p>\n<\/div>\n<\/div>\n<div class=\"vc_empty_space\"><\/div>\n<div class=\"vcex-heading vcex-heading-plain vcex-module wpex-heading wpex-text-2xl\"><span class=\"vcex-heading-inner wpex-inline-block\">Indsigt og klager<\/span><\/div>\n<div class=\"vc_empty_space\"><\/div>\n<div class=\"wpb_text_column wpb_content_element \">\n<div class=\"wpb_wrapper\">\n<p>Du har ret til at f\u00e5 oplyst, hvilke personoplysninger, vi behandler om dig i et almindeligt format (dataportabilitet). Du kan til enhver tid g\u00f8re indsigelse mod, at oplysningerne anvendes. Du kan ogs\u00e5 tilbagekalde dit samtykke til, at der bliver behandlet oplysninger om dig. Hvis de oplysninger, der behandles om dig, er forkerte har du ret til, at de bliver rettet eller slettet. Henvendelse herom kan ske til: info@fondenmentalsundhed.dk. Hvis du vil klage over vores behandling af dine personoplysninger, har du ogs\u00e5 mulighed for at tage kontakt til Datatilsynet.<\/p>\n<p>\u00d8nsker du ikke l\u00e6ngere, at vi skal behandle dine personoplysninger, eller at vi skal begr\u00e6nse behandlingen af dine personoplysninger, kan du ogs\u00e5 sende os en anmodning herom til ovenn\u00e6vnte e-mailadresse.<\/p>\n<\/div>\n<\/div>\n<div class=\"vc_empty_space\"><\/div>\n<div class=\"vcex-heading vcex-heading-plain vcex-module wpex-heading wpex-text-2xl\"><span class=\"vcex-heading-inner wpex-inline-block\">Udgiver<\/span><\/div>\n<div class=\"vc_empty_space\"><\/div>\n<div class=\"wpb_text_column wpb_content_element \">\n<div class=\"wpb_wrapper\">\n<p>Websitet ejes og publiceres af:<\/p>\n<p>Fonden Mental Sundhed<br \/>\nH\u00f8ffdingsvej 22, 1. sal<br \/>\n2500 Valby<br \/>\ninfo@fondenmentalsundhed.dk<\/p>\n<\/div>\n<\/div>\n<p>[\/vc_column_text][\/vc_column][\/vc_row]<\/p>\n<\/section>","protected":false},"excerpt":{"rendered":"<p>[vc_row][vc_column][vc_column_text] COOKIE- OG PRIVATLIVSPOLITIK HOS FONDEN MENTAL SUNDHED COOKIES N\u00e5r du bes\u00f8ger hjemmesiden for Fonden Mental Sundhed indsamler vi oplysninger om din brug af siden, som bliver brugt til at forbedre vores indhold og services. Hvis du ikke \u00f8nsker, at der bliver indsamlet oplysninger om din brug af siden, b\u00f8r du slette dine cookies og [&hellip;]<\/p>\n","protected":false},"author":2,"featured_media":0,"parent":0,"menu_order":0,"comment_status":"closed","ping_status":"closed","template":"","meta":{"_acf_changed":false,"footnotes":""},"class_list":["post-1840","page","type-page","status-publish","hentry","grve-entry-item"],"acf":[],"_links":{"self":[{"href":"https:\/\/udviklingserver03.dk\/fondenmentalsundhed\/wp-json\/wp\/v2\/pages\/1840","targetHints":{"allow":["GET"]}}],"collection":[{"href":"https:\/\/udviklingserver03.dk\/fondenmentalsundhed\/wp-json\/wp\/v2\/pages"}],"about":[{"href":"https:\/\/udviklingserver03.dk\/fondenmentalsundhed\/wp-json\/wp\/v2\/types\/page"}],"author":[{"embeddable":true,"href":"https:\/\/udviklingserver03.dk\/fondenmentalsundhed\/wp-json\/wp\/v2\/users\/2"}],"replies":[{"embeddable":true,"href":"https:\/\/udviklingserver03.dk\/fondenmentalsundhed\/wp-json\/wp\/v2\/comments?post=1840"}],"version-history":[{"count":2,"href":"https:\/\/udviklingserver03.dk\/fondenmentalsundhed\/wp-json\/wp\/v2\/pages\/1840\/revisions"}],"predecessor-version":[{"id":1842,"href":"https:\/\/udviklingserver03.dk\/fondenmentalsundhed\/wp-json\/wp\/v2\/pages\/1840\/revisions\/1842"}],"wp:attachment":[{"href":"https:\/\/udviklingserver03.dk\/fondenmentalsundhed\/wp-json\/wp\/v2\/media?parent=1840"}],"curies":[{"name":"wp","href":"https:\/\/api.w.org\/{rel}","templated":true}]}}